{"id":95,"date":"2017-05-08T12:28:46","date_gmt":"2017-05-08T10:28:46","guid":{"rendered":"http:\/\/grumann.eu\/?page_id=95"},"modified":"2018-02-02T20:39:47","modified_gmt":"2018-02-02T19:39:47","slug":"25-projekt","status":"publish","type":"page","link":"https:\/\/grumann.eu\/?page_id=95","title":{"rendered":"Erweiterung eines denkmalgesch\u00fctzten Einfamilienhauses in Niedernhausen-Oberjosbach"},"content":{"rendered":"<p>Das unter Denkmalschutz stehende Fachwerkhaus sollte mehr Wohnraum bekommen, ohne dabei jedoch sein typisches Gesicht zur Stra\u00dfe zu verlieren. Durch die Planung und Realisierung eines r\u00fcckseitigen Anbaus, der sich wie ein weiteres Glied an den Hauptbauk\u00f6rper anschmiegt, \u00f6ffnet sich nun der schmale, kleinteilige K\u00f6rper des Bestandhauses in eine offene K\u00fcche mit einem lichtdurchfluteten Essbereich. Das Obergeschoss gewinnt durch den Anbau folgerichtig zwei neue Zimmer mit jeweils 17 m\u00b2 und einen Balkon, der sich \u00fcber den neuen zweiten Eingang erstreckt.<\/p>\n<p>Der Anbau wurde in Massivbauweise aus Poroton-Mauerwerk auf Streifenfundamenten ausgef\u00fchrt. Das Dach wurde als Walmdach ausgebildet, welches sich in seiner Neigung an das Haupthaus anpasst.<\/p>\n<p>Planung: c\u00b2<\/p>\n<p>Bauherr: privat<\/p>\n<p>BRI gem. DIN 277: 326 m\u00b3<\/p>\n<p>Leistungen nach HOAI: LP 1-8 (Entwurf bis Bauleitung)<\/p>\n<p>Planungsbeginn: Dezember 2003<\/p>\n<p>Fertigstellung: Juni 2005<\/p>\n<p>&nbsp;<\/p>\n","protected":false},"excerpt":{"rendered":"<p>Das unter Denkmalschutz stehende Fachwerkhaus sollte mehr Wohnraum bekommen, ohne dabei jedoch sein typisches Gesicht zur Stra\u00dfe zu verlieren. Durch die Planung und Realisierung eines r\u00fcckseitigen Anbaus, der sich wie ein weiteres Glied an den Hauptbauk\u00f6rper anschmiegt, \u00f6ffnet sich nun &hellip; <a href=\"https:\/\/grumann.eu\/?page_id=95\">Weiterlesen <span class=\"meta-nav\">&rarr;<\/span><\/a><\/p>\n","protected":false},"author":1,"featured_media":0,"parent":112,"menu_order":0,"comment_status":"closed","ping_status":"closed","template":"","meta":{"footnotes":""},"class_list":["post-95","page","type-page","status-publish","hentry"],"_links":{"self":[{"href":"https:\/\/grumann.eu\/index.php?rest_route=\/wp\/v2\/pages\/95","targetHints":{"allow":["GET"]}}],"collection":[{"href":"https:\/\/grumann.eu\/index.php?rest_route=\/wp\/v2\/pages"}],"about":[{"href":"https:\/\/grumann.eu\/index.php?rest_route=\/wp\/v2\/types\/page"}],"author":[{"embeddable":true,"href":"https:\/\/grumann.eu\/index.php?rest_route=\/wp\/v2\/users\/1"}],"replies":[{"embeddable":true,"href":"https:\/\/grumann.eu\/index.php?rest_route=%2Fwp%2Fv2%2Fcomments&post=95"}],"version-history":[{"count":2,"href":"https:\/\/grumann.eu\/index.php?rest_route=\/wp\/v2\/pages\/95\/revisions"}],"predecessor-version":[{"id":179,"href":"https:\/\/grumann.eu\/index.php?rest_route=\/wp\/v2\/pages\/95\/revisions\/179"}],"up":[{"embeddable":true,"href":"https:\/\/grumann.eu\/index.php?rest_route=\/wp\/v2\/pages\/112"}],"wp:attachment":[{"href":"https:\/\/grumann.eu\/index.php?rest_route=%2Fwp%2Fv2%2Fmedia&parent=95"}],"curies":[{"name":"wp","href":"https:\/\/api.w.org\/{rel}","templated":true}]}}