{"id":81,"date":"2017-05-08T12:31:54","date_gmt":"2017-05-08T10:31:54","guid":{"rendered":"http:\/\/grumann.eu\/?page_id=81"},"modified":"2018-02-02T20:52:32","modified_gmt":"2018-02-02T19:52:32","slug":"8-projekt","status":"publish","type":"page","link":"https:\/\/grumann.eu\/?page_id=81","title":{"rendered":"Wohn- und Gesch\u00e4ftsgeb\u00e4ude in der Mainzer Altstadt"},"content":{"rendered":"<p>Das f\u00fcnfgeschossige Wohn- und Gesch\u00e4ftsgeb\u00e4ude, bestehend aus einem \u00e4lteren (Baujahr um 1900) und einem j\u00fcngeren (Baujahr 1988) Geb\u00e4udeteil, bildet den Eckabschlu\u00df einer geschlossenen Blockbebauung in der Mainzer Altstadt.<\/p>\n<p>Die gesamte Bauaufgabe umfasste die Aufstockung beider Geb\u00e4udeteile zur Wohnraumerweiterung, mit den damit einhergehenden Umbauma\u00dfnahmen in den oberen Wohneinheiten, sowie einen Umbau des Treppenhauses. Dieses sollte ebenerdig zug\u00e4nglich gemacht und um einen Fahrstuhl erweitert werden.<\/p>\n<p>Die Aufstockung erfolgte in leichter Holz-St\u00e4nderbauweise, einhergehend mit einer energetischen Sanierung der gesamten Dachkonstruktion. Das ehemals ungenutzte Dachgeschoss wurde geteilt und so enstand ein helles Singleappartement mit Duschbad, offener K\u00fcche und Wohn-und Schlafzimmer. Die Wohnung des 4. Obergeschosses des Altbaus wurde um ein hochwertiges Schlafzimmer im Dachgeschoss erweitert.<\/p>\n<p>Im Rahmen der Erschlie\u00dfungs\u00e4nderung wurde ein Gro\u00dfteil der vorhandenen Stahlbeton-Treppenanlage abgebrochen und neu erstellt, sowie in den angrenzenden Nutzungseinheiten ein massiver Fahrstuhlschacht vom KG bis DG eingebaut.<\/p>\n<p>Die vorhandene Haustechnik blieb gr\u00f6\u00dftenteils erhalten und wurde um die zus\u00e4tzlich n\u00f6tigen Installationen erweitert.<\/p>\n<p>Planung: Archetectum<\/p>\n<p>Bauherr: privat<\/p>\n<p>BRI = ca. 3550 nach DIN 277<\/p>\n<p>Leistung gem. HOAI: LP 1-8\u00a0 (Grundlagenermittlung bis Bau\u00fcberwachung)<\/p>\n<p>Planungsbeginn: November 2005<\/p>\n<p>Baufertigstellung: M\u00e4rz 2007<\/p>\n<p>&nbsp;<\/p>\n","protected":false},"excerpt":{"rendered":"<p>Das f\u00fcnfgeschossige Wohn- und Gesch\u00e4ftsgeb\u00e4ude, bestehend aus einem \u00e4lteren (Baujahr um 1900) und einem j\u00fcngeren (Baujahr 1988) Geb\u00e4udeteil, bildet den Eckabschlu\u00df einer geschlossenen Blockbebauung in der Mainzer Altstadt. Die gesamte Bauaufgabe umfasste die Aufstockung beider Geb\u00e4udeteile zur Wohnraumerweiterung, mit den &hellip; <a href=\"https:\/\/grumann.eu\/?page_id=81\">Weiterlesen <span class=\"meta-nav\">&rarr;<\/span><\/a><\/p>\n","protected":false},"author":1,"featured_media":0,"parent":112,"menu_order":0,"comment_status":"closed","ping_status":"closed","template":"","meta":{"footnotes":""},"class_list":["post-81","page","type-page","status-publish","hentry"],"_links":{"self":[{"href":"https:\/\/grumann.eu\/index.php?rest_route=\/wp\/v2\/pages\/81","targetHints":{"allow":["GET"]}}],"collection":[{"href":"https:\/\/grumann.eu\/index.php?rest_route=\/wp\/v2\/pages"}],"about":[{"href":"https:\/\/grumann.eu\/index.php?rest_route=\/wp\/v2\/types\/page"}],"author":[{"embeddable":true,"href":"https:\/\/grumann.eu\/index.php?rest_route=\/wp\/v2\/users\/1"}],"replies":[{"embeddable":true,"href":"https:\/\/grumann.eu\/index.php?rest_route=%2Fwp%2Fv2%2Fcomments&post=81"}],"version-history":[{"count":3,"href":"https:\/\/grumann.eu\/index.php?rest_route=\/wp\/v2\/pages\/81\/revisions"}],"predecessor-version":[{"id":190,"href":"https:\/\/grumann.eu\/index.php?rest_route=\/wp\/v2\/pages\/81\/revisions\/190"}],"up":[{"embeddable":true,"href":"https:\/\/grumann.eu\/index.php?rest_route=\/wp\/v2\/pages\/112"}],"wp:attachment":[{"href":"https:\/\/grumann.eu\/index.php?rest_route=%2Fwp%2Fv2%2Fmedia&parent=81"}],"curies":[{"name":"wp","href":"https:\/\/api.w.org\/{rel}","templated":true}]}}