{"id":63,"date":"2017-05-08T12:31:44","date_gmt":"2017-05-08T10:31:44","guid":{"rendered":"http:\/\/grumann.eu\/?page_id=63"},"modified":"2018-02-02T20:48:20","modified_gmt":"2018-02-02T19:48:20","slug":"6-projekt","status":"publish","type":"page","link":"https:\/\/grumann.eu\/?page_id=63","title":{"rendered":"Neubau eines Einfamilienwohnhauses als 1,5L-Haus in Oberbrechen"},"content":{"rendered":"<p>Ein Passivhaus zeichnet sich durch eine besonders hohe Behaglichkeit bei sehr niedrigem Energiebedarf aus. Das wird vor allem durch die passiven Komponenten (z. B. Passivhausfenster, luftdichte Geb\u00e4udeh\u00fclle, besonders gute W\u00e4rmed\u00e4mmung, Wohnrauml\u00fcftungsanlage mit W\u00e4rmer\u00fcckgewinnung und konsequenter Nutzung regenerativer Energien, wie z.b. mittels Erdkollektor oder Solaranlage) erreicht.<\/p>\n<p>Jedes Passivhaus ist ein aktiver Beitrag zum Klimaschutz. Rein \u00e4u\u00dferlich unterscheiden sich Passivh\u00e4user trotzdem nicht von konventionellen H\u00e4usern, denn mit Passivhaus bezeichnet man einen Standard und keine bestimmte Bauweise.<\/p>\n<p>Das gezeigte Passivhaus ben\u00f6tigt f\u00fcr die Beheizung im Jahr bei \u00fcblicher Nutzung nicht mehr als 12 kWh (entspricht ca. 1,2 Liter \u00d6l oder 1,2 Kubikmeter Erdgas) pro Quadratmeter Wohnfl\u00e4che und Jahr. Das bedeutet eine Einsparung von mehr als 90 Prozent gegen\u00fcber dem durchschnittlichen Verbrauch in bestehenden Wohngeb\u00e4uden.<\/p>\n<p>Zum Vergleich: Ein Neubau nach gesetzlicher Vorschrift (EnEV) ben\u00f6tigt immer noch 7-10 Liter \u00d6l je Quadratmeter Wohnfl\u00e4che und Jahr.<\/p>\n<p>Die Bauherren w\u00fcnschten sich f\u00fcr ihr Wohnhaus ein klares, strukturiertes Erscheinungsbild, mit hellen gro\u00dfz\u00fcgigen R\u00e4umen und einem reduzierten Materialmix.<\/p>\n<p>Entstanden ist\u00a0 ein freihstehende Einfamilienhaus, dessen zwei Vollgeschosse \u00fcber eine zentral gelegene einl\u00e4ufige Treppe erschlossen werden. Der Wohn- und Essbereich befindet sich zusammen mit der K\u00fcche und dem Hauswirtschaftsraum im Erdgeschoss. Die Schlaf- und Arbeitsr\u00e4ume sind im Kellergeschoss angeordnet.<\/p>\n<p>Planung: Archetectum<\/p>\n<p>Bauherr: privat<\/p>\n<p>BRI = ca. 900 m\u00b3 nach DIN 277<\/p>\n<p>Leistung gem. HOAI: LP 1-8\u00a0 (Grundlagenermittlung bis Bau\u00fcberwachung)<\/p>\n<p>Planungsbeginn: August 2007<\/p>\n<p>Baufertigstellung: Juli 2009<\/p>\n<p>Energiestandard: Passivhaus<\/p>\n<p>&nbsp;<\/p>\n","protected":false},"excerpt":{"rendered":"<p>Ein Passivhaus zeichnet sich durch eine besonders hohe Behaglichkeit bei sehr niedrigem Energiebedarf aus. Das wird vor allem durch die passiven Komponenten (z. B. Passivhausfenster, luftdichte Geb\u00e4udeh\u00fclle, besonders gute W\u00e4rmed\u00e4mmung, Wohnrauml\u00fcftungsanlage mit W\u00e4rmer\u00fcckgewinnung und konsequenter Nutzung regenerativer Energien, wie z.b. &hellip; <a href=\"https:\/\/grumann.eu\/?page_id=63\">Weiterlesen <span class=\"meta-nav\">&rarr;<\/span><\/a><\/p>\n","protected":false},"author":1,"featured_media":0,"parent":112,"menu_order":0,"comment_status":"closed","ping_status":"closed","template":"","meta":{"footnotes":""},"class_list":["post-63","page","type-page","status-publish","hentry"],"_links":{"self":[{"href":"https:\/\/grumann.eu\/index.php?rest_route=\/wp\/v2\/pages\/63","targetHints":{"allow":["GET"]}}],"collection":[{"href":"https:\/\/grumann.eu\/index.php?rest_route=\/wp\/v2\/pages"}],"about":[{"href":"https:\/\/grumann.eu\/index.php?rest_route=\/wp\/v2\/types\/page"}],"author":[{"embeddable":true,"href":"https:\/\/grumann.eu\/index.php?rest_route=\/wp\/v2\/users\/1"}],"replies":[{"embeddable":true,"href":"https:\/\/grumann.eu\/index.php?rest_route=%2Fwp%2Fv2%2Fcomments&post=63"}],"version-history":[{"count":2,"href":"https:\/\/grumann.eu\/index.php?rest_route=\/wp\/v2\/pages\/63\/revisions"}],"predecessor-version":[{"id":188,"href":"https:\/\/grumann.eu\/index.php?rest_route=\/wp\/v2\/pages\/63\/revisions\/188"}],"up":[{"embeddable":true,"href":"https:\/\/grumann.eu\/index.php?rest_route=\/wp\/v2\/pages\/112"}],"wp:attachment":[{"href":"https:\/\/grumann.eu\/index.php?rest_route=%2Fwp%2Fv2%2Fmedia&parent=63"}],"curies":[{"name":"wp","href":"https:\/\/api.w.org\/{rel}","templated":true}]}}