{"id":50,"date":"2017-05-08T12:30:36","date_gmt":"2017-05-08T10:30:36","guid":{"rendered":"http:\/\/grumann.eu\/?page_id=50"},"modified":"2018-02-02T20:43:05","modified_gmt":"2018-02-02T19:43:05","slug":"43-projekt-niedernhausen-engenhahn","status":"publish","type":"page","link":"https:\/\/grumann.eu\/?page_id=50","title":{"rendered":"Neubau eines Einfamilienhauses als 1,5 L-Haus in Niedernhausen-Engenhahn"},"content":{"rendered":"<p>Unter energetischen Gesichtspunkten wurde dieser bereits genehmigte Entwurf so optimiert, dass das Bauvorhaben als \u201eHaus ohne Heizung\u201c realisiert werden konnte.<\/p>\n<p>Das mit Kalksandstein in Massivbauweise ausgef\u00fchrte Geb\u00e4ude mit Vollunterkellerung wurde durch eine 30 cm Au\u00dfenwandd\u00e4mmung und eine ged\u00e4mmte Bodenplatte gegen W\u00e4rmeverluste gesichert. Dreifachverglaste Fenster mit hochged\u00e4mmten Kunststoffrahmen und eine umfangreiche D\u00e4mmung der Dachfl\u00e4chen bilden zusammen mit der Au\u00dfenwandd\u00e4mmung eine luftdichte H\u00fclle f\u00fcr das Haus.<\/p>\n<p>Die Ausrichtung nach S\u00fcden und ein g\u00fcnstiges A\/V \u2013Verh\u00e4ltnis (Oberfl\u00e4che m\u00b2 \/ Volumen des umbauten Raums m\u00b3) sind notwendige Faktoren f\u00fcr die passive Erw\u00e4rmung der Innenr\u00e4ume. Zur Raumlufttemperierung kommt eine kontrollierte L\u00fcftungsanlage mit W\u00e4rmer\u00fcckgewinnung und einer kleinen Luft- \/ Wasser-W\u00e4rmepumpe zur Brauchwassererw\u00e4rmung zum Einsatz.<\/p>\n<p>Planung: c\u00b2<\/p>\n<p>Bauherr: privat<\/p>\n<p>BRI gem. DIN 277: 800 m\u00b3<\/p>\n<p>Leistungen nach HOAI: LP 5-8 (Werkplanung bis Bauleitung)<\/p>\n<p>Planungsbeginn: Oktober 2000<\/p>\n<p>Baufertigstellung: September 2001<\/p>\n<p>Heizw\u00e4rmebedarf: 15 KWh\/m\u00b2 pro Jahr<\/p>\n<p>Energiestandard: Passivhaus<\/p>\n","protected":false},"excerpt":{"rendered":"<p>Unter energetischen Gesichtspunkten wurde dieser bereits genehmigte Entwurf so optimiert, dass das Bauvorhaben als \u201eHaus ohne Heizung\u201c realisiert werden konnte. Das mit Kalksandstein in Massivbauweise ausgef\u00fchrte Geb\u00e4ude mit Vollunterkellerung wurde durch eine 30 cm Au\u00dfenwandd\u00e4mmung und eine ged\u00e4mmte Bodenplatte gegen &hellip; <a href=\"https:\/\/grumann.eu\/?page_id=50\">Weiterlesen <span class=\"meta-nav\">&rarr;<\/span><\/a><\/p>\n","protected":false},"author":1,"featured_media":0,"parent":112,"menu_order":0,"comment_status":"closed","ping_status":"closed","template":"","meta":{"footnotes":""},"class_list":["post-50","page","type-page","status-publish","hentry"],"_links":{"self":[{"href":"https:\/\/grumann.eu\/index.php?rest_route=\/wp\/v2\/pages\/50","targetHints":{"allow":["GET"]}}],"collection":[{"href":"https:\/\/grumann.eu\/index.php?rest_route=\/wp\/v2\/pages"}],"about":[{"href":"https:\/\/grumann.eu\/index.php?rest_route=\/wp\/v2\/types\/page"}],"author":[{"embeddable":true,"href":"https:\/\/grumann.eu\/index.php?rest_route=\/wp\/v2\/users\/1"}],"replies":[{"embeddable":true,"href":"https:\/\/grumann.eu\/index.php?rest_route=%2Fwp%2Fv2%2Fcomments&post=50"}],"version-history":[{"count":3,"href":"https:\/\/grumann.eu\/index.php?rest_route=\/wp\/v2\/pages\/50\/revisions"}],"predecessor-version":[{"id":182,"href":"https:\/\/grumann.eu\/index.php?rest_route=\/wp\/v2\/pages\/50\/revisions\/182"}],"up":[{"embeddable":true,"href":"https:\/\/grumann.eu\/index.php?rest_route=\/wp\/v2\/pages\/112"}],"wp:attachment":[{"href":"https:\/\/grumann.eu\/index.php?rest_route=%2Fwp%2Fv2%2Fmedia&parent=50"}],"curies":[{"name":"wp","href":"https:\/\/api.w.org\/{rel}","templated":true}]}}