{"id":48,"date":"2018-02-02T20:53:34","date_gmt":"2018-02-02T19:53:34","guid":{"rendered":"http:\/\/grumann.eu\/?page_id=48"},"modified":"2018-02-02T20:53:34","modified_gmt":"2018-02-02T19:53:34","slug":"umnutzung-von-bueroraeumen-zu-wohnungen","status":"publish","type":"page","link":"https:\/\/grumann.eu\/?page_id=48","title":{"rendered":"Umnutzung von B\u00fcror\u00e4umen zu Wohnungen"},"content":{"rendered":"<p>Leerstehende Gewerbefl\u00e4chen bieten Potential! Durch geschickte Sanierungs- und Umbauma\u00dfnahmen k\u00f6nnen Sie Ihre Immobilie in hochwertigen Wohnraum umwandeln und so langfristige Mietverh\u00e4ltnisse erwirken. Auch die gefragte Kombination aus \u00fcberschaubarer Wohnfl\u00e4che (bis zu 60 m\u00b2) und Barrierefreiheit, l\u00e4sst sich besonders im B\u00fcroleerstand leicht und kosteng\u00fcnstig verwirklichen.<\/p>\n<p>\u201eLeerstand zu Wohnraum\u201c, unter diesem Motto fanden in Hamburg im Oktober 2010 Demonstrationen gegen den Leerstand von B\u00fcror\u00e4umen und unbezahlbare Mieten statt. Doch nicht nur die Hansestadt kennt diese Problematik und klagt \u00fcber den Wohnungsnotsstand. In nahezu jedem gr\u00f6\u00dferen Ballungszentrum in Deutschland wird das Wohnen in der Innenstadt immer unerschwinglicher. So auch im Rhein-Main-Gebiet. Was ist da naheliegender, als die bereits vorhandene Bausubstanz aufzuwerten, anstatt immer mehr Erdoberfl\u00e4che durch immer homogenere Neubaugebiete zu versiegeln?<\/p>\n<p>Zuerst einmal mag die Sanierung eines Geb\u00e4udes aus den f\u00fcnfziger bis achtziger Jahren aufw\u00e4ndiger erscheinen als die Errichtung eines Neubaus. Doch tats\u00e4chlich ist es so, dass ein geschickter Umbau mit einer energetischen Sanierung weit weniger Kosten verursacht und au\u00dferdem viel schneller fertig gestellt werden kann.<\/p>\n<p>Desweiteren braucht man sich hierbei um die Organisation einer Infrastruktur kaum Gedanken machen, da die meisten ungenutzten B\u00fcrobauten schon seit Jahren stehen und fest in das Stadtbild eingeplant wurden.<\/p>\n<p>Neben der Verantwortung gegen\u00fcber des eigenen Geldbeutels, haben der moderne Bauherr und sein Architekt auch die Pflicht, umweltbewusst und nachhaltig zu bauen. Die Verwertung bereits vorhandener Baumaterialien schont die nat\u00fcrlichen Ressourcen und eventuelle Problemzonen der H\u00e4user sind schon lange bekannt und k\u00f6nnen gezielt verbessert werden.<\/p>\n<p>Umgenutzte B\u00fcror\u00e4ume bieten ein attraktives und vielf\u00e4ltiges Wohnangebot f\u00fcr gro\u00dfe Familien, Wohngemeinschaften und Individualisten. Weitl\u00e4ufige Flure und gro\u00dfe Wohnfl\u00e4chen lassen sich flexibel den Bed\u00fcrfnissen der Bewohner anpassen. So kann aus einer alten Arztpraxis eine barrierefreie Wohnung f\u00fcr Menschen mit Behinderung entstehen oder ein verfallenes Gro\u00dfraumb\u00fcro verwandelt sich in ein schickes Atelier mit Wohnung f\u00fcr den K\u00fcnstler. M\u00f6glichkeiten gibt es viele, sie m\u00fcssen nur erkannt werden, damit einem Ver\u00f6dungsprozess der europ\u00e4ischen Stadt entgegengewirkt und die Stadtstruktur gest\u00e4rkt und weiterentwickelt werden kann.<\/p>\n","protected":false},"excerpt":{"rendered":"<p>Leerstehende Gewerbefl\u00e4chen bieten Potential! Durch geschickte Sanierungs- und Umbauma\u00dfnahmen k\u00f6nnen Sie Ihre Immobilie in hochwertigen Wohnraum umwandeln und so langfristige Mietverh\u00e4ltnisse erwirken. Auch die gefragte Kombination aus \u00fcberschaubarer Wohnfl\u00e4che (bis zu 60 m\u00b2) und Barrierefreiheit, l\u00e4sst sich besonders im B\u00fcroleerstand &hellip; <a href=\"https:\/\/grumann.eu\/?page_id=48\">Weiterlesen <span class=\"meta-nav\">&rarr;<\/span><\/a><\/p>\n","protected":false},"author":1,"featured_media":0,"parent":0,"menu_order":0,"comment_status":"closed","ping_status":"closed","template":"","meta":{"footnotes":""},"class_list":["post-48","page","type-page","status-publish","hentry"],"_links":{"self":[{"href":"https:\/\/grumann.eu\/index.php?rest_route=\/wp\/v2\/pages\/48","targetHints":{"allow":["GET"]}}],"collection":[{"href":"https:\/\/grumann.eu\/index.php?rest_route=\/wp\/v2\/pages"}],"about":[{"href":"https:\/\/grumann.eu\/index.php?rest_route=\/wp\/v2\/types\/page"}],"author":[{"embeddable":true,"href":"https:\/\/grumann.eu\/index.php?rest_route=\/wp\/v2\/users\/1"}],"replies":[{"embeddable":true,"href":"https:\/\/grumann.eu\/index.php?rest_route=%2Fwp%2Fv2%2Fcomments&post=48"}],"version-history":[{"count":2,"href":"https:\/\/grumann.eu\/index.php?rest_route=\/wp\/v2\/pages\/48\/revisions"}],"predecessor-version":[{"id":192,"href":"https:\/\/grumann.eu\/index.php?rest_route=\/wp\/v2\/pages\/48\/revisions\/192"}],"wp:attachment":[{"href":"https:\/\/grumann.eu\/index.php?rest_route=%2Fwp%2Fv2%2Fmedia&parent=48"}],"curies":[{"name":"wp","href":"https:\/\/api.w.org\/{rel}","templated":true}]}}