{"id":110,"date":"2017-05-08T12:27:56","date_gmt":"2017-05-08T10:27:56","guid":{"rendered":"http:\/\/grumann.eu\/?page_id=110"},"modified":"2018-02-02T20:35:21","modified_gmt":"2018-02-02T19:35:21","slug":"2-projekt","status":"publish","type":"page","link":"https:\/\/grumann.eu\/?page_id=110","title":{"rendered":"Umnutzung von B\u00fcror\u00e4umen und Arztpraxen zu Wohnungen"},"content":{"rendered":"<p>Im dritten, vierten und f\u00fcnften Obergeschoss eines ehemaligen Gesch\u00e4ftshauses in der Mainzer Innenstadt wurden durch Sanierung und Umbauten gro\u00dfz\u00fcgige Studenten-WGs mit vielen Zimmern geschaffen.<\/p>\n<p>Bauherr: ICredopartner S.a.r.l. &amp; Saphir SECS c\/o Colliers Property Management<\/p>\n<p>Leistung nach HOAI: LP 5-8 (Werkplanung bis Bauleitung)<\/p>\n<p>Planungsbeginn: Juli 2009<\/p>\n<p>Baufertigstellung: November 2010<\/p>\n<p>&nbsp;<\/p>\n","protected":false},"excerpt":{"rendered":"<p>Im dritten, vierten und f\u00fcnften Obergeschoss eines ehemaligen Gesch\u00e4ftshauses in der Mainzer Innenstadt wurden durch Sanierung und Umbauten gro\u00dfz\u00fcgige Studenten-WGs mit vielen Zimmern geschaffen. Bauherr: ICredopartner S.a.r.l. &amp; Saphir SECS c\/o Colliers Property Management Leistung nach HOAI: LP 5-8 (Werkplanung &hellip; <a href=\"https:\/\/grumann.eu\/?page_id=110\">Weiterlesen <span class=\"meta-nav\">&rarr;<\/span><\/a><\/p>\n","protected":false},"author":1,"featured_media":0,"parent":112,"menu_order":0,"comment_status":"closed","ping_status":"closed","template":"","meta":{"footnotes":""},"class_list":["post-110","page","type-page","status-publish","hentry"],"_links":{"self":[{"href":"https:\/\/grumann.eu\/index.php?rest_route=\/wp\/v2\/pages\/110","targetHints":{"allow":["GET"]}}],"collection":[{"href":"https:\/\/grumann.eu\/index.php?rest_route=\/wp\/v2\/pages"}],"about":[{"href":"https:\/\/grumann.eu\/index.php?rest_route=\/wp\/v2\/types\/page"}],"author":[{"embeddable":true,"href":"https:\/\/grumann.eu\/index.php?rest_route=\/wp\/v2\/users\/1"}],"replies":[{"embeddable":true,"href":"https:\/\/grumann.eu\/index.php?rest_route=%2Fwp%2Fv2%2Fcomments&post=110"}],"version-history":[{"count":2,"href":"https:\/\/grumann.eu\/index.php?rest_route=\/wp\/v2\/pages\/110\/revisions"}],"predecessor-version":[{"id":174,"href":"https:\/\/grumann.eu\/index.php?rest_route=\/wp\/v2\/pages\/110\/revisions\/174"}],"up":[{"embeddable":true,"href":"https:\/\/grumann.eu\/index.php?rest_route=\/wp\/v2\/pages\/112"}],"wp:attachment":[{"href":"https:\/\/grumann.eu\/index.php?rest_route=%2Fwp%2Fv2%2Fmedia&parent=110"}],"curies":[{"name":"wp","href":"https:\/\/api.w.org\/{rel}","templated":true}]}}