{"id":108,"date":"2017-05-08T12:28:35","date_gmt":"2017-05-08T10:28:35","guid":{"rendered":"http:\/\/grumann.eu\/?page_id=108"},"modified":"2018-02-02T20:39:07","modified_gmt":"2018-02-02T19:39:07","slug":"24-projekt","status":"publish","type":"page","link":"https:\/\/grumann.eu\/?page_id=108","title":{"rendered":"Umnutzung der ehemaligen G\u00fcterabfertigung in Niedernhausen zu einem Bistro"},"content":{"rendered":"<p>In Niedernhausen, direkt an den Gleisen gelegen, verwandelte sich eine ehemalige G\u00fcterabfertigung in eine Kebap H\u00f6hle. Der Imbiss mit Kiosk bietet 29 Sitzgelenheiten im Innenraum und einen Au\u00dfensitzbereich mit Kinderspielplatz. Durch die Verwendung warmer Farbt\u00f6ne entstand ein moderner und gem\u00fctlicher Verkaufsraum f\u00fcr die t\u00fcrkische und italienische K\u00fcche.<\/p>\n<p>Planung: c\u00b2<\/p>\n<p>Bauherr: Kebap H\u00f6hle<\/p>\n<p>BRI gem. DIN 277: 700 m\u00b3<\/p>\n<p>Leistungen nach HOAI: LP 1-8 (Grundlagenermittlung bis Bauleitung)<\/p>\n<p>Planungsbeginn: September 2005<\/p>\n<p>Fertigstellung: 2006<\/p>\n<p>&nbsp;<\/p>\n","protected":false},"excerpt":{"rendered":"<p>In Niedernhausen, direkt an den Gleisen gelegen, verwandelte sich eine ehemalige G\u00fcterabfertigung in eine Kebap H\u00f6hle. Der Imbiss mit Kiosk bietet 29 Sitzgelenheiten im Innenraum und einen Au\u00dfensitzbereich mit Kinderspielplatz. Durch die Verwendung warmer Farbt\u00f6ne entstand ein moderner und gem\u00fctlicher &hellip; <a href=\"https:\/\/grumann.eu\/?page_id=108\">Weiterlesen <span class=\"meta-nav\">&rarr;<\/span><\/a><\/p>\n","protected":false},"author":1,"featured_media":0,"parent":112,"menu_order":0,"comment_status":"closed","ping_status":"closed","template":"","meta":{"footnotes":""},"class_list":["post-108","page","type-page","status-publish","hentry"],"_links":{"self":[{"href":"https:\/\/grumann.eu\/index.php?rest_route=\/wp\/v2\/pages\/108","targetHints":{"allow":["GET"]}}],"collection":[{"href":"https:\/\/grumann.eu\/index.php?rest_route=\/wp\/v2\/pages"}],"about":[{"href":"https:\/\/grumann.eu\/index.php?rest_route=\/wp\/v2\/types\/page"}],"author":[{"embeddable":true,"href":"https:\/\/grumann.eu\/index.php?rest_route=\/wp\/v2\/users\/1"}],"replies":[{"embeddable":true,"href":"https:\/\/grumann.eu\/index.php?rest_route=%2Fwp%2Fv2%2Fcomments&post=108"}],"version-history":[{"count":2,"href":"https:\/\/grumann.eu\/index.php?rest_route=\/wp\/v2\/pages\/108\/revisions"}],"predecessor-version":[{"id":178,"href":"https:\/\/grumann.eu\/index.php?rest_route=\/wp\/v2\/pages\/108\/revisions\/178"}],"up":[{"embeddable":true,"href":"https:\/\/grumann.eu\/index.php?rest_route=\/wp\/v2\/pages\/112"}],"wp:attachment":[{"href":"https:\/\/grumann.eu\/index.php?rest_route=%2Fwp%2Fv2%2Fmedia&parent=108"}],"curies":[{"name":"wp","href":"https:\/\/api.w.org\/{rel}","templated":true}]}}