{"id":103,"date":"2017-05-08T12:31:24","date_gmt":"2017-05-08T10:31:24","guid":{"rendered":"http:\/\/grumann.eu\/?page_id=103"},"modified":"2018-02-02T20:46:31","modified_gmt":"2018-02-02T19:46:31","slug":"47-projekt","status":"publish","type":"page","link":"https:\/\/grumann.eu\/?page_id=103","title":{"rendered":"Neubau einer Doppelhaush\u00e4lfte in Niedernhausen"},"content":{"rendered":"<p>Das Grundst\u00fcck hat einen tortenst\u00fcckf\u00f6rmigen Zuschnitt, mit einer Hanglage nach S\u00fcden. Die Erschlie\u00dfung musste \u00fcber die 5 Meter breite Nordseite des Grundst\u00fccks erfolgen. Die drei Bauk\u00f6rper mit Pultd\u00e4chern nehmen den Gel\u00e4ndeverlauf wieder auf und umschlie\u00dfen ein kleines offenes Atrium.\u00a0Da das Haus als Niedrigenergie-Haus gebaut wurde, konnten Zusch\u00fcsse durch die KfW und weiterer F\u00f6rderer in Anspruch genommen werden.<\/p>\n<p>Das Geb\u00e4ude ist in 17,5 cm KS PE Elementen mit drei Pultd\u00e4chern gebaut worden. Als Au\u00dfenwandd\u00e4mmung ist ein 12 cm PS W\u00e4rmed\u00e4mmverbundsystem zum Einsatz gekommen. Der Dachraum wurde mit 22 cm Mineralwolle zwischen den Sparren ged\u00e4mmt.<\/p>\n<p>Planung: c\u00b2<\/p>\n<p>Bauherr: privat<\/p>\n<p>BRI gem. DIN 277: 907 m\u00b3<\/p>\n<p>Leistungen nach HOAI: LP 1-8 (Grundlagenermittlung bis Bau\u00fcberwachung)<\/p>\n<p>Planungsbeginn: Februar 1999<\/p>\n<p>Baufertigstellung: August 2000<\/p>\n<p>&nbsp;<\/p>\n","protected":false},"excerpt":{"rendered":"<p>Das Grundst\u00fcck hat einen tortenst\u00fcckf\u00f6rmigen Zuschnitt, mit einer Hanglage nach S\u00fcden. Die Erschlie\u00dfung musste \u00fcber die 5 Meter breite Nordseite des Grundst\u00fccks erfolgen. Die drei Bauk\u00f6rper mit Pultd\u00e4chern nehmen den Gel\u00e4ndeverlauf wieder auf und umschlie\u00dfen ein kleines offenes Atrium.\u00a0Da das &hellip; <a href=\"https:\/\/grumann.eu\/?page_id=103\">Weiterlesen <span class=\"meta-nav\">&rarr;<\/span><\/a><\/p>\n","protected":false},"author":1,"featured_media":0,"parent":112,"menu_order":0,"comment_status":"closed","ping_status":"closed","template":"","meta":{"footnotes":""},"class_list":["post-103","page","type-page","status-publish","hentry"],"_links":{"self":[{"href":"https:\/\/grumann.eu\/index.php?rest_route=\/wp\/v2\/pages\/103","targetHints":{"allow":["GET"]}}],"collection":[{"href":"https:\/\/grumann.eu\/index.php?rest_route=\/wp\/v2\/pages"}],"about":[{"href":"https:\/\/grumann.eu\/index.php?rest_route=\/wp\/v2\/types\/page"}],"author":[{"embeddable":true,"href":"https:\/\/grumann.eu\/index.php?rest_route=\/wp\/v2\/users\/1"}],"replies":[{"embeddable":true,"href":"https:\/\/grumann.eu\/index.php?rest_route=%2Fwp%2Fv2%2Fcomments&post=103"}],"version-history":[{"count":2,"href":"https:\/\/grumann.eu\/index.php?rest_route=\/wp\/v2\/pages\/103\/revisions"}],"predecessor-version":[{"id":186,"href":"https:\/\/grumann.eu\/index.php?rest_route=\/wp\/v2\/pages\/103\/revisions\/186"}],"up":[{"embeddable":true,"href":"https:\/\/grumann.eu\/index.php?rest_route=\/wp\/v2\/pages\/112"}],"wp:attachment":[{"href":"https:\/\/grumann.eu\/index.php?rest_route=%2Fwp%2Fv2%2Fmedia&parent=103"}],"curies":[{"name":"wp","href":"https:\/\/api.w.org\/{rel}","templated":true}]}}